{"id":947,"date":"2016-09-05T11:01:13","date_gmt":"2016-09-05T09:01:13","guid":{"rendered":"http:\/\/moys.giugnini.it\/de\/?page_id=947"},"modified":"2019-05-27T12:13:55","modified_gmt":"2019-05-27T10:13:55","slug":"buchungen","status":"publish","type":"page","link":"https:\/\/www.moys.it\/de\/home-3\/buchungen\/","title":{"rendered":"BUCHUNGEN"},"content":{"rendered":"<p>[et_pb_section fb_built=&#8220;1&#8243; admin_label=&#8220;section&#8220; _builder_version=&#8220;3.22.3&#8243;][et_pb_row padding_mobile=&#8220;off&#8220; column_padding_mobile=&#8220;on&#8220; parallax_method_1=&#8220;off&#8220; admin_label=&#8220;Riga&#8220; module_class=&#8220; et_pb_row_fullwidth&#8220; _builder_version=&#8220;3.22.3&#8243; background_size=&#8220;initial&#8220; background_position=&#8220;top_left&#8220; background_repeat=&#8220;repeat&#8220; width=&#8220;89%&#8220; width_tablet=&#8220;80%&#8220; width_last_edited=&#8220;on|desktop&#8220; max_width=&#8220;89%&#8220; max_width_tablet=&#8220;80%&#8220; max_width_last_edited=&#8220;on|desktop&#8220; make_fullwidth=&#8220;on&#8220; use_custom_width=&#8220;off&#8220; width_unit=&#8220;on&#8220;][et_pb_column type=&#8220;4_4&#8243; _builder_version=&#8220;3.0.47&#8243;][et_pb_text admin_label=&#8220;Testo&#8220; _builder_version=&#8220;3.0.87&#8243; background_size=&#8220;initial&#8220; background_position=&#8220;top_left&#8220; background_repeat=&#8220;repeat&#8220; use_border_color=&#8220;off&#8220; border_color=&#8220;#ffffff&#8220; border_style=&#8220;solid&#8220;]<\/p>\n<h1 style=\"text-align: center;\">FORDERN SIE EINEN KOSTENVORANSCHLAG F\u00dcR IHREN LIEGEPLATZ AN<\/h1>\n<p>[\/et_pb_text][et_pb_divider disabled_on=&#8220;on|on|off&#8220; admin_label=&#8220;Modulo Separatore&#8220; _builder_version=&#8220;3.2&#8243; height=&#8220;3&#8243; custom_css_main_element=&#8220;    margin-right: 33%;||    margin-left: 33%;&#8220; hide_on_mobile=&#8220;on&#8220;][\/et_pb_divider][\/et_pb_column][\/et_pb_row][et_pb_row admin_label=&#8220;Riga&#8220; _builder_version=&#8220;3.22.3&#8243; background_size=&#8220;initial&#8220; background_position=&#8220;top_left&#8220; background_repeat=&#8220;repeat&#8220;][et_pb_column type=&#8220;4_4&#8243; _builder_version=&#8220;3.0.47&#8243;][et_pb_text admin_label=&#8220;Testo&#8220; _builder_version=&#8220;3.0.87&#8243; background_size=&#8220;initial&#8220; background_position=&#8220;top_left&#8220; background_repeat=&#8220;repeat&#8220; use_border_color=&#8220;off&#8220; border_color=&#8220;#ffffff&#8220; border_style=&#8220;solid&#8220;]<\/p>\n<h3 style=\"text-align: center;\">Der Marina di Olbia bietet Freizeitkapit\u00e4nen und professionellen Skippern neben einer Reihe von Service-Leistungen Gastlichkeit ersten Ranges, was diese Hafenanlage einmalig macht.<\/h3>\n<p>[\/et_pb_text][\/et_pb_column][\/et_pb_row][et_pb_row admin_label=&#8220;row&#8220; _builder_version=&#8220;3.22.3&#8243; background_size=&#8220;initial&#8220; background_position=&#8220;top_left&#8220; background_repeat=&#8220;repeat&#8220;][et_pb_column type=&#8220;1_2&#8243; _builder_version=&#8220;3.0.47&#8243;][et_pb_image src=&#8220;\/wp-content\/uploads\/2016\/05\/scelteOLBIAxsergio12.jpg&#8220; align_tablet=&#8220;center&#8220; align_last_edited=&#8220;on|desktop&#8220; admin_label=&#8220;Immagine&#8220; _builder_version=&#8220;3.23&#8243; custom_margin=&#8220;12px|||&#8220; animation_style=&#8220;slide&#8220; animation_direction=&#8220;left&#8220; animation_duration=&#8220;500ms&#8220; animation_intensity_slide=&#8220;10%&#8220; use_border_color=&#8220;off&#8220; border_color=&#8220;#ffffff&#8220; border_style=&#8220;solid&#8220; animation=&#8220;left&#8220; sticky=&#8220;off&#8220; always_center_on_mobile=&#8220;on&#8220;][\/et_pb_image][et_pb_text _builder_version=&#8220;3.23.1&#8243;]<\/p>\n<p>Bei Anfragen f\u00fcr Liegepl\u00e4tze von \u00fcber 60 m L\u00e4nge kontaktieren Sie bitte <a href=\"tel:+39 0789 645030\">+39 0789 645030<\/a> oder senden Sie eine Mail an <a href=\"mailto:info@moys.it\">info@moys.it<\/a><\/p>\n<p>[\/et_pb_text][\/et_pb_column][et_pb_column type=&#8220;1_2&#8243; _builder_version=&#8220;3.0.47&#8243;][et_pb_text admin_label=&#8220;Testo&#8220; _builder_version=&#8220;3.0.87&#8243; background_size=&#8220;initial&#8220; background_position=&#8220;top_left&#8220; background_repeat=&#8220;repeat&#8220; use_border_color=&#8220;off&#8220; border_color=&#8220;#ffffff&#8220; border_style=&#8220;solid&#8220;]\n<div class=\"wpcf7 no-js\" id=\"wpcf7-f951-o1\" lang=\"it-IT\" dir=\"ltr\" data-wpcf7-id=\"951\">\n<div class=\"screen-reader-response\"><p role=\"status\" aria-live=\"polite\" aria-atomic=\"true\"><\/p> <ul><\/ul><\/div>\n<form action=\"\/de\/wp-json\/wp\/v2\/pages\/947#wpcf7-f951-o1\" method=\"post\" class=\"wpcf7-form init\" aria-label=\"Modulo di contatto\" novalidate=\"novalidate\" data-status=\"init\">\n<fieldset class=\"hidden-fields-container\"><input type=\"hidden\" name=\"_wpcf7\" value=\"951\" \/><input type=\"hidden\" name=\"_wpcf7_version\" value=\"6.1.5\" \/><input type=\"hidden\" name=\"_wpcf7_locale\" value=\"it_IT\" \/><input type=\"hidden\" name=\"_wpcf7_unit_tag\" value=\"wpcf7-f951-o1\" \/><input type=\"hidden\" name=\"_wpcf7_container_post\" value=\"0\" \/><input type=\"hidden\" name=\"_wpcf7_posted_data_hash\" value=\"\" \/>\n<\/fieldset>\n<div class=\"page_booking_form\">\n\t<p>Vorname\n\t<\/p>\n\t<p><span class=\"wpcf7-form-control-wrap\" data-name=\"your-name\"><input size=\"40\" maxlength=\"400\" class=\"wpcf7-form-control wpcf7-text wpcf7-validates-as-required\" aria-required=\"true\" aria-invalid=\"false\" value=\"\" type=\"text\" name=\"your-name\" \/><\/span>\n\t<\/p>\n\t<p>Nachname\n\t<\/p>\n\t<p><span class=\"wpcf7-form-control-wrap\" data-name=\"your-surname\"><input size=\"40\" maxlength=\"400\" class=\"wpcf7-form-control wpcf7-text wpcf7-validates-as-required\" aria-required=\"true\" aria-invalid=\"false\" value=\"\" type=\"text\" name=\"your-surname\" \/><\/span>\n\t<\/p>\n\t<p>Telefon\n\t<\/p>\n\t<p><span class=\"wpcf7-form-control-wrap\" data-name=\"Telefono\"><input size=\"40\" maxlength=\"400\" class=\"wpcf7-form-control wpcf7-tel wpcf7-validates-as-required wpcf7-text wpcf7-validates-as-tel\" aria-required=\"true\" aria-invalid=\"false\" value=\"\" type=\"tel\" name=\"Telefono\" \/><\/span>\n\t<\/p>\n\t<p>E-Mail\n\t<\/p>\n\t<p><span class=\"wpcf7-form-control-wrap\" data-name=\"your-email\"><input size=\"40\" maxlength=\"400\" class=\"wpcf7-form-control wpcf7-email wpcf7-validates-as-required wpcf7-text wpcf7-validates-as-email\" aria-required=\"true\" aria-invalid=\"false\" value=\"\" type=\"email\" name=\"your-email\" \/><\/span>\n\t<\/p>\n\t<p>Ankunft\n\t<\/p>\n\t<p><span class=\"wpcf7-form-control-wrap\" data-name=\"date-in\"><input class=\"wpcf7-form-control wpcf7-date wpcf7-validates-as-date\" aria-invalid=\"false\" value=\"\" type=\"date\" name=\"date-in\" \/><\/span>\n\t<\/p>\n\t<p>Abfahrt\n\t<\/p>\n\t<p><span class=\"wpcf7-form-control-wrap\" data-name=\"date-out\"><input class=\"wpcf7-form-control wpcf7-date wpcf7-validates-as-date\" aria-invalid=\"false\" value=\"\" type=\"date\" name=\"date-out\" \/><\/span>\n\t<\/p>\n\t<p>W\u00e4hlen Sie die Klasse aus\n\t<\/p>\n\t<p><span class=\"wpcf7-form-control-wrap\" data-name=\"menu-450\"><select class=\"wpcf7-form-control wpcf7-select\" aria-invalid=\"false\" name=\"menu-450\"><option value=\"\"><\/option><option value=\"Klasse II \u2013 7,50 x 2,80 Meter\">Klasse II \u2013 7,50 x 2,80 Meter<\/option><option value=\"Klasse III \u2013 9,00 x 3,25 Meter\">Klasse III \u2013 9,00 x 3,25 Meter<\/option><option value=\"Klasse IV \u201310,50 x 3,60 Meter\">Klasse IV \u201310,50 x 3,60 Meter<\/option><option value=\"Klasse V \u2013 12,00 x 4,20 Meter\">Klasse V \u2013 12,00 x 4,20 Meter<\/option><option value=\"Klasse VI \u2013 15,00 x 5,00 Meter\">Klasse VI \u2013 15,00 x 5,00 Meter<\/option><option value=\"Klasse VI-max \u2013 16,00 x 5,00 Meter\">Klasse VI-max \u2013 16,00 x 5,00 Meter<\/option><option value=\"Klasse VII \u2013 18,00 x 5,50 Meter\">Klasse VII \u2013 18,00 x 5,50 Meter<\/option><option value=\"Klasse VIII \u2013 20,00 x 5,50 Meter\">Klasse VIII \u2013 20,00 x 5,50 Meter<\/option><option value=\"Klasse IX \u2013 25,00 x 6,50 Meter\">Klasse IX \u2013 25,00 x 6,50 Meter<\/option><option value=\"Klasse X \u2013 30,00 x 7,50 Meter\">Klasse X \u2013 30,00 x 7,50 Meter<\/option><option value=\"Klasse XI \u2013 35,00 x 9,00 Meter\">Klasse XI \u2013 35,00 x 9,00 Meter<\/option><option value=\"Klasse XII \u2013 40,00 x 10,00 Meter\">Klasse XII \u2013 40,00 x 10,00 Meter<\/option><option value=\"Klasse XIII \u2013 45,00 x 11,50 Meter\">Klasse XIII \u2013 45,00 x 11,50 Meter<\/option><option value=\"Klasse XIV \u2013 60,00 x 13,00 Meter\">Klasse XIV \u2013 60,00 x 13,00 Meter<\/option><option value=\"Klasse XV \u2013 70,00 x 14,00 Meter\">Klasse XV \u2013 70,00 x 14,00 Meter<\/option><option value=\"Klasse XVI \u2013 90,00 x 15,00 Meter\">Klasse XVI \u2013 90,00 x 15,00 Meter<\/option><option value=\"Klasse XVII \u2013 150,00 x 16,00 Meter\">Klasse XVII \u2013 150,00 x 16,00 Meter<\/option><\/select><\/span>\n\t<\/p>\n\t<p>Ihre Nachricht\n\t<\/p>\n\t<p><span class=\"wpcf7-form-control-wrap\" data-name=\"your-message\"><textarea cols=\"40\" rows=\"10\" maxlength=\"2000\" class=\"wpcf7-form-control wpcf7-textarea\" aria-invalid=\"false\" name=\"your-message\"><\/textarea><\/span>\n\t<\/p>\n\t<p><input class=\"wpcf7-form-control wpcf7-submit has-spinner\" type=\"submit\" value=\"Abschicken\" \/>\n\t<\/p>\n<\/div><div class=\"wpcf7-response-output\" aria-hidden=\"true\"><\/div>\n<\/form>\n<\/div>\n<\/p>\n<p><!-- [contact-form-7 id=\"155\" title=\"Richiedi il tuo posto barca\"] --><br \/>\n[\/et_pb_text][\/et_pb_column][\/et_pb_row][\/et_pb_section]<\/p>\n","protected":false},"excerpt":{"rendered":"<p>FORDERN SIE EINEN KOSTENVORANSCHLAG F\u00dcR IHREN LIEGEPLATZ AN Der Marina di Olbia bietet Freizeitkapit\u00e4nen und professionellen Skippern neben einer Reihe von Service-Leistungen Gastlichkeit ersten Ranges, was diese Hafenanlage einmalig macht. Bei Anfragen f\u00fcr Liegepl\u00e4tze von \u00fcber 60 m L\u00e4nge kontaktieren Sie bitte +39 0789 645030 oder senden Sie eine Mail an info@moys.it <p class=\"wpcf7-contact-form-not-found\"><strong>Fehler:<\/strong> Kontaktformular wurde nicht gefunden.<\/p><\/p>\n","protected":false},"author":1,"featured_media":0,"parent":898,"menu_order":0,"comment_status":"closed","ping_status":"closed","template":"","meta":{"_et_pb_use_builder":"on","_et_pb_old_content":"","_et_gb_content_width":"","footnotes":""},"class_list":["post-947","page","type-page","status-publish","hentry"],"yoast_head":"<!-- This site is optimized with the Yoast SEO plugin v27.4 - https:\/\/yoast.com\/product\/yoast-seo-wordpress\/ -->\n<title>BUCHUNGEN - Moys - Marina di Olbia Yachting Service<\/title>\n<meta name=\"robots\" content=\"index, follow, max-snippet:-1, max-image-preview:large, max-video-preview:-1\" \/>\n<link rel=\"canonical\" href=\"https:\/\/www.moys.it\/de\/home-3\/buchungen\/\" \/>\n<meta property=\"og:locale\" content=\"de_DE\" \/>\n<meta property=\"og:type\" content=\"article\" \/>\n<meta property=\"og:title\" content=\"BUCHUNGEN - Moys - Marina di Olbia Yachting Service\" \/>\n<meta property=\"og:description\" content=\"FORDERN SIE EINEN KOSTENVORANSCHLAG F\u00dcR IHREN LIEGEPLATZ AN Der Marina di Olbia bietet Freizeitkapit\u00e4nen und professionellen Skippern neben einer Reihe von Service-Leistungen Gastlichkeit ersten Ranges, was diese Hafenanlage einmalig macht. Bei Anfragen f\u00fcr Liegepl\u00e4tze von \u00fcber 60 m L\u00e4nge kontaktieren Sie bitte +39 0789 645030 oder senden Sie eine Mail an info@moys.it\" \/>\n<meta property=\"og:url\" content=\"https:\/\/www.moys.it\/de\/home-3\/buchungen\/\" \/>\n<meta property=\"og:site_name\" content=\"Moys - Marina di Olbia Yachting Service\" \/>\n<meta property=\"article:modified_time\" content=\"2019-05-27T10:13:55+00:00\" \/>\n<meta name=\"twitter:card\" content=\"summary_large_image\" \/>\n<meta name=\"twitter:label1\" content=\"Gesch\u00e4tzte Lesezeit\" \/>\n\t<meta name=\"twitter:data1\" content=\"2\u00a0Minuten\" \/>\n<script type=\"application\/ld+json\" class=\"yoast-schema-graph\">{\"@context\":\"https:\\\/\\\/schema.org\",\"@graph\":[{\"@type\":\"WebPage\",\"@id\":\"https:\\\/\\\/www.moys.it\\\/de\\\/home-3\\\/buchungen\\\/\",\"url\":\"https:\\\/\\\/www.moys.it\\\/de\\\/home-3\\\/buchungen\\\/\",\"name\":\"BUCHUNGEN - Moys - Marina di Olbia Yachting Service\",\"isPartOf\":{\"@id\":\"https:\\\/\\\/www.moys.it\\\/de\\\/#website\"},\"datePublished\":\"2016-09-05T09:01:13+00:00\",\"dateModified\":\"2019-05-27T10:13:55+00:00\",\"breadcrumb\":{\"@id\":\"https:\\\/\\\/www.moys.it\\\/de\\\/home-3\\\/buchungen\\\/#breadcrumb\"},\"inLanguage\":\"de\",\"potentialAction\":[{\"@type\":\"ReadAction\",\"target\":[\"https:\\\/\\\/www.moys.it\\\/de\\\/home-3\\\/buchungen\\\/\"]}]},{\"@type\":\"BreadcrumbList\",\"@id\":\"https:\\\/\\\/www.moys.it\\\/de\\\/home-3\\\/buchungen\\\/#breadcrumb\",\"itemListElement\":[{\"@type\":\"ListItem\",\"position\":1,\"name\":\"Home\",\"item\":\"https:\\\/\\\/www.moys.it\\\/de\\\/\"},{\"@type\":\"ListItem\",\"position\":2,\"name\":\"Home\",\"item\":\"http:\\\/\\\/www.moys.it\\\/de\\\/home-3\\\/\"},{\"@type\":\"ListItem\",\"position\":3,\"name\":\"BUCHUNGEN\"}]},{\"@type\":\"WebSite\",\"@id\":\"https:\\\/\\\/www.moys.it\\\/de\\\/#website\",\"url\":\"https:\\\/\\\/www.moys.it\\\/de\\\/\",\"name\":\"Moys - Marina di Olbia Yachting Service\",\"description\":\"Un porto gioiello - A beautiful port\",\"potentialAction\":[{\"@type\":\"SearchAction\",\"target\":{\"@type\":\"EntryPoint\",\"urlTemplate\":\"https:\\\/\\\/www.moys.it\\\/de\\\/?s={search_term_string}\"},\"query-input\":{\"@type\":\"PropertyValueSpecification\",\"valueRequired\":true,\"valueName\":\"search_term_string\"}}],\"inLanguage\":\"de\"}]}<\/script>\n<!-- \/ Yoast SEO plugin. -->","yoast_head_json":{"title":"BUCHUNGEN - Moys - Marina di Olbia Yachting Service","robots":{"index":"index","follow":"follow","max-snippet":"max-snippet:-1","max-image-preview":"max-image-preview:large","max-video-preview":"max-video-preview:-1"},"canonical":"https:\/\/www.moys.it\/de\/home-3\/buchungen\/","og_locale":"de_DE","og_type":"article","og_title":"BUCHUNGEN - Moys - Marina di Olbia Yachting Service","og_description":"FORDERN SIE EINEN KOSTENVORANSCHLAG F\u00dcR IHREN LIEGEPLATZ AN Der Marina di Olbia bietet Freizeitkapit\u00e4nen und professionellen Skippern neben einer Reihe von Service-Leistungen Gastlichkeit ersten Ranges, was diese Hafenanlage einmalig macht. Bei Anfragen f\u00fcr Liegepl\u00e4tze von \u00fcber 60 m L\u00e4nge kontaktieren Sie bitte +39 0789 645030 oder senden Sie eine Mail an info@moys.it","og_url":"https:\/\/www.moys.it\/de\/home-3\/buchungen\/","og_site_name":"Moys - Marina di Olbia Yachting Service","article_modified_time":"2019-05-27T10:13:55+00:00","twitter_card":"summary_large_image","twitter_misc":{"Gesch\u00e4tzte Lesezeit":"2\u00a0Minuten"},"schema":{"@context":"https:\/\/schema.org","@graph":[{"@type":"WebPage","@id":"https:\/\/www.moys.it\/de\/home-3\/buchungen\/","url":"https:\/\/www.moys.it\/de\/home-3\/buchungen\/","name":"BUCHUNGEN - Moys - Marina di Olbia Yachting Service","isPartOf":{"@id":"https:\/\/www.moys.it\/de\/#website"},"datePublished":"2016-09-05T09:01:13+00:00","dateModified":"2019-05-27T10:13:55+00:00","breadcrumb":{"@id":"https:\/\/www.moys.it\/de\/home-3\/buchungen\/#breadcrumb"},"inLanguage":"de","potentialAction":[{"@type":"ReadAction","target":["https:\/\/www.moys.it\/de\/home-3\/buchungen\/"]}]},{"@type":"BreadcrumbList","@id":"https:\/\/www.moys.it\/de\/home-3\/buchungen\/#breadcrumb","itemListElement":[{"@type":"ListItem","position":1,"name":"Home","item":"https:\/\/www.moys.it\/de\/"},{"@type":"ListItem","position":2,"name":"Home","item":"http:\/\/www.moys.it\/de\/home-3\/"},{"@type":"ListItem","position":3,"name":"BUCHUNGEN"}]},{"@type":"WebSite","@id":"https:\/\/www.moys.it\/de\/#website","url":"https:\/\/www.moys.it\/de\/","name":"Moys - Marina di Olbia Yachting Service","description":"Un porto gioiello - A beautiful port","potentialAction":[{"@type":"SearchAction","target":{"@type":"EntryPoint","urlTemplate":"https:\/\/www.moys.it\/de\/?s={search_term_string}"},"query-input":{"@type":"PropertyValueSpecification","valueRequired":true,"valueName":"search_term_string"}}],"inLanguage":"de"}]}},"_links":{"self":[{"href":"https:\/\/www.moys.it\/de\/wp-json\/wp\/v2\/pages\/947","targetHints":{"allow":["GET"]}}],"collection":[{"href":"https:\/\/www.moys.it\/de\/wp-json\/wp\/v2\/pages"}],"about":[{"href":"https:\/\/www.moys.it\/de\/wp-json\/wp\/v2\/types\/page"}],"author":[{"embeddable":true,"href":"https:\/\/www.moys.it\/de\/wp-json\/wp\/v2\/users\/1"}],"replies":[{"embeddable":true,"href":"https:\/\/www.moys.it\/de\/wp-json\/wp\/v2\/comments?post=947"}],"version-history":[{"count":4,"href":"https:\/\/www.moys.it\/de\/wp-json\/wp\/v2\/pages\/947\/revisions"}],"predecessor-version":[{"id":3315,"href":"https:\/\/www.moys.it\/de\/wp-json\/wp\/v2\/pages\/947\/revisions\/3315"}],"up":[{"embeddable":true,"href":"https:\/\/www.moys.it\/de\/wp-json\/wp\/v2\/pages\/898"}],"wp:attachment":[{"href":"https:\/\/www.moys.it\/de\/wp-json\/wp\/v2\/media?parent=947"}],"curies":[{"name":"wp","href":"https:\/\/api.w.org\/{rel}","templated":true}]}}