{"id":931,"date":"2016-07-01T18:53:39","date_gmt":"2016-07-01T16:53:39","guid":{"rendered":"http:\/\/moys.giugnini.it\/de\/home\/planimetria\/"},"modified":"2019-06-05T13:11:42","modified_gmt":"2019-06-05T11:11:42","slug":"lageplan","status":"publish","type":"page","link":"https:\/\/www.moys.it\/de\/home-3\/lageplan\/","title":{"rendered":"LAGEPLAN"},"content":{"rendered":"<p>[et_pb_section fb_built=&#8220;1&#8243; admin_label=&#8220;section&#8220; _builder_version=&#8220;3.22.3&#8243;][et_pb_row padding_mobile=&#8220;off&#8220; column_padding_mobile=&#8220;on&#8220; parallax_method_1=&#8220;off&#8220; parallax_method_2=&#8220;off&#8220; parallax_method_3=&#8220;off&#8220; admin_label=&#8220;Riga&#8220; module_class=&#8220; et_pb_row_fullwidth&#8220; _builder_version=&#8220;3.22.3&#8243; background_size=&#8220;initial&#8220; background_position=&#8220;top_left&#8220; background_repeat=&#8220;repeat&#8220; width=&#8220;89%&#8220; width_tablet=&#8220;80%&#8220; width_last_edited=&#8220;on|desktop&#8220; max_width=&#8220;89%&#8220; max_width_tablet=&#8220;80%&#8220; max_width_last_edited=&#8220;on|desktop&#8220; make_fullwidth=&#8220;on&#8220; use_custom_width=&#8220;off&#8220; width_unit=&#8220;on&#8220; global_module=&#8220;400&#8243;][et_pb_column type=&#8220;4_4&#8243; _builder_version=&#8220;3.0.47&#8243;][et_pb_post_title meta=&#8220;off&#8220; featured_image=&#8220;off&#8220; admin_label=&#8220;Titolo del Post&#8220; _builder_version=&#8220;3.0.87&#8243; title_font_size=&#8220;51px&#8220; title_all_caps=&#8220;on&#8220; background_color=&#8220;rgba(255,255,255,0)&#8220; parallax=&#8220;on&#8220; parallax_method=&#8220;off&#8220; text_orientation=&#8220;center&#8220; custom_margin=&#8220;||-0.5em|&#8220; parallax_effect=&#8220;on&#8220; module_bg_color=&#8220;rgba(255,255,255,0)&#8220; use_border_color=&#8220;off&#8220; border_color=&#8220;#ffffff&#8220; border_style=&#8220;solid&#8220;][\/et_pb_post_title][et_pb_divider divider_position=&#8220;center&#8220; disabled_on=&#8220;on|on|off&#8220; admin_label=&#8220;Modulo Separatore&#8220; _builder_version=&#8220;3.2&#8243; height=&#8220;3&#8243; custom_css_main_element=&#8220; margin-right: 33%;|| margin-left: 33%;||&#8220; hide_on_mobile=&#8220;on&#8220;][\/et_pb_divider][\/et_pb_column][\/et_pb_row][et_pb_row admin_label=&#8220;Riga&#8220; _builder_version=&#8220;3.22.3&#8243; background_size=&#8220;initial&#8220; background_position=&#8220;top_left&#8220; background_repeat=&#8220;repeat&#8220;][et_pb_column type=&#8220;4_4&#8243; _builder_version=&#8220;3.0.47&#8243;][et_pb_text admin_label=&#8220;Testo&#8220; _builder_version=&#8220;3.23.2&#8243; background_size=&#8220;initial&#8220; background_position=&#8220;top_left&#8220; background_repeat=&#8220;repeat&#8220; use_border_color=&#8220;off&#8220; border_color=&#8220;#ffffff&#8220; border_style=&#8220;solid&#8220;]<\/p>\n<h3 style=\"text-align: center;\">Der Hafen Marina di Olbia verf\u00fcgt \u00fcber 270 Liegepl\u00e4tze f\u00fcr Yachten<br \/>\nbis 150 m L\u00e4nge mit einer Wassertiefe bis zu 5,20 Meter.<\/h3>\n<p>&nbsp;<\/p>\n<p>Ob Sie nun Interesse an einem Liegeplatz von kurzer Dauer, an einer monatlichen bzw. j\u00e4hrlichen Miete haben oder etwas \u00fcber die Serviceleistungen erfahren m\u00f6chten, die der Sporthafen bietet, rufen Sie unter <a href=\"tel:+39 0789 645030\"> +39 0789 645030<\/a> an.<\/p>\n<p>Sollten Sie sich f\u00fcr einen 25-j\u00e4hrigen Liegeplatz im Sporthafen interessieren, steht Ihnen gerne das Gesch\u00e4ftsb\u00fcro des Marina di Olbia unter der Tel.-Nr. <a href=\"http:\/\/+39 0789 67121\">+39 0789 67121<\/a> zur Verf\u00fcgung.[\/et_pb_text][\/et_pb_column][\/et_pb_row][et_pb_row admin_label=&#8220;Riga&#8220; _builder_version=&#8220;3.22.3&#8243; background_size=&#8220;initial&#8220; background_position=&#8220;top_left&#8220; background_repeat=&#8220;repeat&#8220;][et_pb_column type=&#8220;4_4&#8243; _builder_version=&#8220;3.0.47&#8243;][et_pb_image src=&#8220;http:\/\/www.moys.it\/wp-content\/uploads\/2019\/06\/moys-planimetria.png&#8220; show_in_lightbox=&#8220;on&#8220; _builder_version=&#8220;3.23.2&#8243;][\/et_pb_image][\/et_pb_column][\/et_pb_row][et_pb_row use_custom_gutter=&#8220;on&#8220; gutter_width=&#8220;1&#8243; padding_mobile=&#8220;off&#8220; column_padding_mobile=&#8220;on&#8220; parallax_method_1=&#8220;off&#8220; admin_label=&#8220;Riga&#8220; module_class=&#8220; et_pb_row_fullwidth&#8220; _builder_version=&#8220;3.22.3&#8243; background_size=&#8220;initial&#8220; background_position=&#8220;top_left&#8220; background_repeat=&#8220;repeat&#8220; width=&#8220;100%&#8220; width_tablet=&#8220;100%&#8220; width_last_edited=&#8220;on|desktop&#8220; max_width=&#8220;100%&#8220; max_width_tablet=&#8220;100%&#8220; max_width_last_edited=&#8220;on|desktop&#8220; make_fullwidth=&#8220;on&#8220; use_custom_width=&#8220;off&#8220; width_unit=&#8220;on&#8220;][et_pb_column type=&#8220;4_4&#8243; _builder_version=&#8220;3.0.47&#8243;][et_pb_image src=&#8220;http:\/\/www.moys.it\/wp-content\/uploads\/2016\/07\/mplanimetria25.jpg&#8220; alt=&#8220;Vista sul Marina&#8220; align_tablet=&#8220;center&#8220; align_last_edited=&#8220;on|desktop&#8220; admin_label=&#8220;Immagine&#8220; _builder_version=&#8220;3.23&#8243; animation_style=&#8220;slide&#8220; animation_direction=&#8220;left&#8220; animation_duration=&#8220;500ms&#8220; animation_intensity_slide=&#8220;10%&#8220; use_border_color=&#8220;off&#8220; border_color=&#8220;#ffffff&#8220; border_style=&#8220;solid&#8220; animation=&#8220;left&#8220; sticky=&#8220;off&#8220; always_center_on_mobile=&#8220;on&#8220;][\/et_pb_image][\/et_pb_column][\/et_pb_row][\/et_pb_section]<\/p>\n","protected":false},"excerpt":{"rendered":"<p>Der Hafen Marina di Olbia verf\u00fcgt \u00fcber 270 Liegepl\u00e4tze f\u00fcr Yachten bis 150 m L\u00e4nge mit einer Wassertiefe bis zu 5,20 Meter. &nbsp; Ob Sie nun Interesse an einem Liegeplatz von kurzer Dauer, an einer monatlichen bzw. j\u00e4hrlichen Miete haben oder etwas \u00fcber die Serviceleistungen erfahren m\u00f6chten, die der Sporthafen bietet, rufen Sie unter +39 [&hellip;]<\/p>\n","protected":false},"author":1,"featured_media":0,"parent":898,"menu_order":0,"comment_status":"closed","ping_status":"closed","template":"","meta":{"_et_pb_use_builder":"on","_et_pb_old_content":"","_et_gb_content_width":"","footnotes":""},"class_list":["post-931","page","type-page","status-publish","hentry"],"yoast_head":"<!-- This site is optimized with the Yoast SEO plugin v27.3 - https:\/\/yoast.com\/product\/yoast-seo-wordpress\/ -->\n<title>LAGEPLAN - Moys - Marina di Olbia Yachting Service<\/title>\n<meta name=\"robots\" content=\"index, follow, max-snippet:-1, max-image-preview:large, max-video-preview:-1\" \/>\n<link rel=\"canonical\" href=\"https:\/\/www.moys.it\/de\/home-3\/lageplan\/\" \/>\n<meta property=\"og:locale\" content=\"de_DE\" \/>\n<meta property=\"og:type\" content=\"article\" \/>\n<meta property=\"og:title\" content=\"LAGEPLAN - Moys - Marina di Olbia Yachting Service\" \/>\n<meta property=\"og:description\" content=\"Der Hafen Marina di Olbia verf\u00fcgt \u00fcber 270 Liegepl\u00e4tze f\u00fcr Yachten bis 150 m L\u00e4nge mit einer Wassertiefe bis zu 5,20 Meter. &nbsp; Ob Sie nun Interesse an einem Liegeplatz von kurzer Dauer, an einer monatlichen bzw. j\u00e4hrlichen Miete haben oder etwas \u00fcber die Serviceleistungen erfahren m\u00f6chten, die der Sporthafen bietet, rufen Sie unter +39 [&hellip;]\" \/>\n<meta property=\"og:url\" content=\"https:\/\/www.moys.it\/de\/home-3\/lageplan\/\" \/>\n<meta property=\"og:site_name\" content=\"Moys - Marina di Olbia Yachting Service\" \/>\n<meta property=\"article:modified_time\" content=\"2019-06-05T11:11:42+00:00\" \/>\n<meta name=\"twitter:card\" content=\"summary_large_image\" \/>\n<meta name=\"twitter:label1\" content=\"Gesch\u00e4tzte Lesezeit\" \/>\n\t<meta name=\"twitter:data1\" content=\"3\u00a0Minuten\" \/>\n<script type=\"application\/ld+json\" class=\"yoast-schema-graph\">{\"@context\":\"https:\\\/\\\/schema.org\",\"@graph\":[{\"@type\":\"WebPage\",\"@id\":\"https:\\\/\\\/www.moys.it\\\/de\\\/home-3\\\/lageplan\\\/\",\"url\":\"https:\\\/\\\/www.moys.it\\\/de\\\/home-3\\\/lageplan\\\/\",\"name\":\"LAGEPLAN - Moys - Marina di Olbia Yachting Service\",\"isPartOf\":{\"@id\":\"https:\\\/\\\/www.moys.it\\\/de\\\/#website\"},\"datePublished\":\"2016-07-01T16:53:39+00:00\",\"dateModified\":\"2019-06-05T11:11:42+00:00\",\"breadcrumb\":{\"@id\":\"https:\\\/\\\/www.moys.it\\\/de\\\/home-3\\\/lageplan\\\/#breadcrumb\"},\"inLanguage\":\"de\",\"potentialAction\":[{\"@type\":\"ReadAction\",\"target\":[\"https:\\\/\\\/www.moys.it\\\/de\\\/home-3\\\/lageplan\\\/\"]}]},{\"@type\":\"BreadcrumbList\",\"@id\":\"https:\\\/\\\/www.moys.it\\\/de\\\/home-3\\\/lageplan\\\/#breadcrumb\",\"itemListElement\":[{\"@type\":\"ListItem\",\"position\":1,\"name\":\"Home\",\"item\":\"https:\\\/\\\/www.moys.it\\\/de\\\/\"},{\"@type\":\"ListItem\",\"position\":2,\"name\":\"Home\",\"item\":\"https:\\\/\\\/www.moys.it\\\/de\\\/home-3\\\/\"},{\"@type\":\"ListItem\",\"position\":3,\"name\":\"LAGEPLAN\"}]},{\"@type\":\"WebSite\",\"@id\":\"https:\\\/\\\/www.moys.it\\\/de\\\/#website\",\"url\":\"https:\\\/\\\/www.moys.it\\\/de\\\/\",\"name\":\"Moys - Marina di Olbia Yachting Service\",\"description\":\"Un porto gioiello - A beautiful port\",\"potentialAction\":[{\"@type\":\"SearchAction\",\"target\":{\"@type\":\"EntryPoint\",\"urlTemplate\":\"https:\\\/\\\/www.moys.it\\\/de\\\/?s={search_term_string}\"},\"query-input\":{\"@type\":\"PropertyValueSpecification\",\"valueRequired\":true,\"valueName\":\"search_term_string\"}}],\"inLanguage\":\"de\"}]}<\/script>\n<!-- \/ Yoast SEO plugin. -->","yoast_head_json":{"title":"LAGEPLAN - Moys - Marina di Olbia Yachting Service","robots":{"index":"index","follow":"follow","max-snippet":"max-snippet:-1","max-image-preview":"max-image-preview:large","max-video-preview":"max-video-preview:-1"},"canonical":"https:\/\/www.moys.it\/de\/home-3\/lageplan\/","og_locale":"de_DE","og_type":"article","og_title":"LAGEPLAN - Moys - Marina di Olbia Yachting Service","og_description":"Der Hafen Marina di Olbia verf\u00fcgt \u00fcber 270 Liegepl\u00e4tze f\u00fcr Yachten bis 150 m L\u00e4nge mit einer Wassertiefe bis zu 5,20 Meter. &nbsp; Ob Sie nun Interesse an einem Liegeplatz von kurzer Dauer, an einer monatlichen bzw. j\u00e4hrlichen Miete haben oder etwas \u00fcber die Serviceleistungen erfahren m\u00f6chten, die der Sporthafen bietet, rufen Sie unter +39 [&hellip;]","og_url":"https:\/\/www.moys.it\/de\/home-3\/lageplan\/","og_site_name":"Moys - Marina di Olbia Yachting Service","article_modified_time":"2019-06-05T11:11:42+00:00","twitter_card":"summary_large_image","twitter_misc":{"Gesch\u00e4tzte Lesezeit":"3\u00a0Minuten"},"schema":{"@context":"https:\/\/schema.org","@graph":[{"@type":"WebPage","@id":"https:\/\/www.moys.it\/de\/home-3\/lageplan\/","url":"https:\/\/www.moys.it\/de\/home-3\/lageplan\/","name":"LAGEPLAN - Moys - Marina di Olbia Yachting Service","isPartOf":{"@id":"https:\/\/www.moys.it\/de\/#website"},"datePublished":"2016-07-01T16:53:39+00:00","dateModified":"2019-06-05T11:11:42+00:00","breadcrumb":{"@id":"https:\/\/www.moys.it\/de\/home-3\/lageplan\/#breadcrumb"},"inLanguage":"de","potentialAction":[{"@type":"ReadAction","target":["https:\/\/www.moys.it\/de\/home-3\/lageplan\/"]}]},{"@type":"BreadcrumbList","@id":"https:\/\/www.moys.it\/de\/home-3\/lageplan\/#breadcrumb","itemListElement":[{"@type":"ListItem","position":1,"name":"Home","item":"https:\/\/www.moys.it\/de\/"},{"@type":"ListItem","position":2,"name":"Home","item":"https:\/\/www.moys.it\/de\/home-3\/"},{"@type":"ListItem","position":3,"name":"LAGEPLAN"}]},{"@type":"WebSite","@id":"https:\/\/www.moys.it\/de\/#website","url":"https:\/\/www.moys.it\/de\/","name":"Moys - Marina di Olbia Yachting Service","description":"Un porto gioiello - A beautiful port","potentialAction":[{"@type":"SearchAction","target":{"@type":"EntryPoint","urlTemplate":"https:\/\/www.moys.it\/de\/?s={search_term_string}"},"query-input":{"@type":"PropertyValueSpecification","valueRequired":true,"valueName":"search_term_string"}}],"inLanguage":"de"}]}},"_links":{"self":[{"href":"https:\/\/www.moys.it\/de\/wp-json\/wp\/v2\/pages\/931","targetHints":{"allow":["GET"]}}],"collection":[{"href":"https:\/\/www.moys.it\/de\/wp-json\/wp\/v2\/pages"}],"about":[{"href":"https:\/\/www.moys.it\/de\/wp-json\/wp\/v2\/types\/page"}],"author":[{"embeddable":true,"href":"https:\/\/www.moys.it\/de\/wp-json\/wp\/v2\/users\/1"}],"replies":[{"embeddable":true,"href":"https:\/\/www.moys.it\/de\/wp-json\/wp\/v2\/comments?post=931"}],"version-history":[{"count":9,"href":"https:\/\/www.moys.it\/de\/wp-json\/wp\/v2\/pages\/931\/revisions"}],"predecessor-version":[{"id":8104,"href":"https:\/\/www.moys.it\/de\/wp-json\/wp\/v2\/pages\/931\/revisions\/8104"}],"up":[{"embeddable":true,"href":"https:\/\/www.moys.it\/de\/wp-json\/wp\/v2\/pages\/898"}],"wp:attachment":[{"href":"https:\/\/www.moys.it\/de\/wp-json\/wp\/v2\/media?parent=931"}],"curies":[{"name":"wp","href":"https:\/\/api.w.org\/{rel}","templated":true}]}}