{"id":956,"date":"2016-09-05T11:56:40","date_gmt":"2016-09-05T09:56:40","guid":{"rendered":"http:\/\/moys.giugnini.it\/de\/?page_id=956"},"modified":"2019-05-27T12:37:16","modified_gmt":"2019-05-27T10:37:16","slug":"bootstankstelle","status":"publish","type":"page","link":"http:\/\/www.moys.it\/de\/home-3\/service-leistungen-der-marina\/bootstankstelle\/","title":{"rendered":"BOOTSTANKSTELLE"},"content":{"rendered":"<p>[et_pb_section fb_built=&#8220;1&#8243; admin_label=&#8220;Sezione&#8220; _builder_version=&#8220;3.22.3&#8243;][et_pb_row padding_mobile=&#8220;off&#8220; column_padding_mobile=&#8220;on&#8220; parallax_method_1=&#8220;off&#8220; parallax_method_2=&#8220;off&#8220; parallax_method_3=&#8220;off&#8220; admin_label=&#8220;Riga&#8220; module_class=&#8220; et_pb_row_fullwidth&#8220; _builder_version=&#8220;3.22.3&#8243; background_size=&#8220;initial&#8220; background_position=&#8220;top_left&#8220; background_repeat=&#8220;repeat&#8220; width=&#8220;89%&#8220; width_tablet=&#8220;80%&#8220; width_last_edited=&#8220;on|desktop&#8220; max_width=&#8220;89%&#8220; max_width_tablet=&#8220;80%&#8220; max_width_last_edited=&#8220;on|desktop&#8220; make_fullwidth=&#8220;on&#8220; use_custom_width=&#8220;off&#8220; width_unit=&#8220;on&#8220; global_module=&#8220;400&#8243;][et_pb_column type=&#8220;4_4&#8243; _builder_version=&#8220;3.0.47&#8243;][et_pb_post_title meta=&#8220;off&#8220; featured_image=&#8220;off&#8220; admin_label=&#8220;Titolo del Post&#8220; _builder_version=&#8220;3.0.87&#8243; title_font_size=&#8220;51px&#8220; title_all_caps=&#8220;on&#8220; background_color=&#8220;rgba(255,255,255,0)&#8220; parallax=&#8220;on&#8220; parallax_method=&#8220;off&#8220; text_orientation=&#8220;center&#8220; custom_margin=&#8220;||-0.5em|&#8220; parallax_effect=&#8220;on&#8220; module_bg_color=&#8220;rgba(255,255,255,0)&#8220; use_border_color=&#8220;off&#8220; border_color=&#8220;#ffffff&#8220; border_style=&#8220;solid&#8220;][\/et_pb_post_title][et_pb_divider divider_position=&#8220;center&#8220; disabled_on=&#8220;on|on|off&#8220; admin_label=&#8220;Modulo Separatore&#8220; _builder_version=&#8220;3.2&#8243; height=&#8220;3&#8243; custom_css_main_element=&#8220; margin-right: 33%;|| margin-left: 33%;||&#8220; hide_on_mobile=&#8220;on&#8220;][\/et_pb_divider][\/et_pb_column][\/et_pb_row][\/et_pb_section][et_pb_section fb_built=&#8220;1&#8243; admin_label=&#8220;section&#8220; _builder_version=&#8220;3.22.3&#8243;][et_pb_row padding_mobile=&#8220;off&#8220; custom_margin=&#8220;-25px|||&#8220; column_padding_mobile=&#8220;on&#8220; parallax_method_1=&#8220;off&#8220; admin_label=&#8220;Riga&#8220; _builder_version=&#8220;3.22.3&#8243; background_size=&#8220;initial&#8220; background_position=&#8220;top_left&#8220; background_repeat=&#8220;repeat&#8220; make_fullwidth=&#8220;off&#8220; use_custom_width=&#8220;off&#8220; width_unit=&#8220;on&#8220;][et_pb_column type=&#8220;4_4&#8243; _builder_version=&#8220;3.0.47&#8243;][et_pb_text admin_label=&#8220;Testo&#8220; _builder_version=&#8220;3.23.1&#8243; background_size=&#8220;initial&#8220; background_position=&#8220;top_left&#8220; background_repeat=&#8220;repeat&#8220; use_border_color=&#8220;off&#8220; border_color=&#8220;#ffffff&#8220; border_style=&#8220;solid&#8220;]Direkt an der Hafenzufahrt sehen Sie an Steuerbord den 200 m langen Kai mit der Bootstankstelle, an dem <strong>7 Boote gleichzeitig<\/strong> bedient werden k\u00f6nnen. Der gro\u00dfe Kai der Tankstelle kann <strong>Yachten bis 150 Meter<\/strong> L\u00e4nge beherbergen, die den Treibstoff auch direkt und absolut sicher aus einem Tankwagen erhalten k\u00f6nnen.<\/p>\n<p>Bei Fragen zur Betankung und Infos \u00fcber Verf\u00fcgbarkeit und italienische Treibstoffpreise, verg\u00fcnstigten Treibstoff (Tax Free), Benzin und Schmierstoffe kontaktieren Sie <a href=\"tel:+393386846368\">+39 338 684 6368<\/a><\/p>\n<p>Oder schicken Sie eine Mail an den Tankstellenbetreiber unter  <a href=\"mailto:marinadiolbia@firstbunker.com\">marinadiolbia@firstbunker.com<\/a><br \/>\n[\/et_pb_text][\/et_pb_column][\/et_pb_row][et_pb_row padding_mobile=&#8220;off&#8220; column_padding_mobile=&#8220;on&#8220; parallax_method_1=&#8220;off&#8220; parallax_method_2=&#8220;off&#8220; admin_label=&#8220;row&#8220; _builder_version=&#8220;3.22.3&#8243; background_size=&#8220;initial&#8220; background_position=&#8220;top_left&#8220; background_repeat=&#8220;repeat&#8220; make_fullwidth=&#8220;off&#8220; use_custom_width=&#8220;off&#8220; width_unit=&#8220;on&#8220;][et_pb_column type=&#8220;4_4&#8243; _builder_version=&#8220;3.0.47&#8243;][et_pb_gallery gallery_ids=&#8220;1189,1188,1179,1185,1186,1180,1184,1181,1182,1178,1183,1187&#8243; fullwidth=&#8220;on&#8220; admin_label=&#8220;Galleria Rifornimento&#8220; _builder_version=&#8220;3.0.87&#8243; caption_all_caps=&#8220;off&#8220; auto=&#8220;on&#8220; auto_speed=&#8220;3000&#8243; use_border_color=&#8220;off&#8220; border_color=&#8220;#ffffff&#8220; border_style=&#8220;solid&#8220; saved_tabs=&#8220;all&#8220;][\/et_pb_gallery][\/et_pb_column][\/et_pb_row][\/et_pb_section]<\/p>\n","protected":false},"excerpt":{"rendered":"<p>Direkt an der Hafenzufahrt sehen Sie an Steuerbord den 200 m langen Kai mit der Bootstankstelle, an dem 7 Boote gleichzeitig bedient werden k\u00f6nnen. Der gro\u00dfe Kai der Tankstelle kann Yachten bis 150 Meter L\u00e4nge beherbergen, die den Treibstoff auch direkt und absolut sicher aus einem Tankwagen erhalten k\u00f6nnen. Bei Fragen zur Betankung und Infos [&hellip;]<\/p>\n","protected":false},"author":1,"featured_media":0,"parent":966,"menu_order":0,"comment_status":"closed","ping_status":"closed","template":"","meta":{"_et_pb_use_builder":"on","_et_pb_old_content":"","_et_gb_content_width":"","footnotes":""},"class_list":["post-956","page","type-page","status-publish","hentry"],"yoast_head":"<!-- This site is optimized with the Yoast SEO plugin v27.4 - https:\/\/yoast.com\/product\/yoast-seo-wordpress\/ -->\n<title>BOOTSTANKSTELLE - Moys - Marina di Olbia Yachting Service<\/title>\n<meta name=\"robots\" content=\"index, follow, max-snippet:-1, max-image-preview:large, max-video-preview:-1\" \/>\n<link rel=\"canonical\" href=\"http:\/\/www.moys.it\/de\/home-3\/service-leistungen-der-marina\/bootstankstelle\/\" \/>\n<meta property=\"og:locale\" content=\"de_DE\" \/>\n<meta property=\"og:type\" content=\"article\" \/>\n<meta property=\"og:title\" content=\"BOOTSTANKSTELLE - Moys - Marina di Olbia Yachting Service\" \/>\n<meta property=\"og:description\" content=\"Direkt an der Hafenzufahrt sehen Sie an Steuerbord den 200 m langen Kai mit der Bootstankstelle, an dem 7 Boote gleichzeitig bedient werden k\u00f6nnen. Der gro\u00dfe Kai der Tankstelle kann Yachten bis 150 Meter L\u00e4nge beherbergen, die den Treibstoff auch direkt und absolut sicher aus einem Tankwagen erhalten k\u00f6nnen. Bei Fragen zur Betankung und Infos [&hellip;]\" \/>\n<meta property=\"og:url\" content=\"http:\/\/www.moys.it\/de\/home-3\/service-leistungen-der-marina\/bootstankstelle\/\" \/>\n<meta property=\"og:site_name\" content=\"Moys - Marina di Olbia Yachting Service\" \/>\n<meta property=\"article:modified_time\" content=\"2019-05-27T10:37:16+00:00\" \/>\n<meta name=\"twitter:card\" content=\"summary_large_image\" \/>\n<meta name=\"twitter:label1\" content=\"Gesch\u00e4tzte Lesezeit\" \/>\n\t<meta name=\"twitter:data1\" content=\"2\u00a0Minuten\" \/>\n<script type=\"application\/ld+json\" class=\"yoast-schema-graph\">{\"@context\":\"https:\\\/\\\/schema.org\",\"@graph\":[{\"@type\":\"WebPage\",\"@id\":\"http:\\\/\\\/www.moys.it\\\/de\\\/home-3\\\/service-leistungen-der-marina\\\/bootstankstelle\\\/\",\"url\":\"http:\\\/\\\/www.moys.it\\\/de\\\/home-3\\\/service-leistungen-der-marina\\\/bootstankstelle\\\/\",\"name\":\"BOOTSTANKSTELLE - Moys - Marina di Olbia Yachting Service\",\"isPartOf\":{\"@id\":\"http:\\\/\\\/www.moys.it\\\/de\\\/#website\"},\"datePublished\":\"2016-09-05T09:56:40+00:00\",\"dateModified\":\"2019-05-27T10:37:16+00:00\",\"breadcrumb\":{\"@id\":\"http:\\\/\\\/www.moys.it\\\/de\\\/home-3\\\/service-leistungen-der-marina\\\/bootstankstelle\\\/#breadcrumb\"},\"inLanguage\":\"de\",\"potentialAction\":[{\"@type\":\"ReadAction\",\"target\":[\"http:\\\/\\\/www.moys.it\\\/de\\\/home-3\\\/service-leistungen-der-marina\\\/bootstankstelle\\\/\"]}]},{\"@type\":\"BreadcrumbList\",\"@id\":\"http:\\\/\\\/www.moys.it\\\/de\\\/home-3\\\/service-leistungen-der-marina\\\/bootstankstelle\\\/#breadcrumb\",\"itemListElement\":[{\"@type\":\"ListItem\",\"position\":1,\"name\":\"Home\",\"item\":\"https:\\\/\\\/www.moys.it\\\/de\\\/\"},{\"@type\":\"ListItem\",\"position\":2,\"name\":\"Home\",\"item\":\"https:\\\/\\\/www.moys.it\\\/de\\\/home-3\\\/\"},{\"@type\":\"ListItem\",\"position\":3,\"name\":\"SERVICE-LEISTUNGEN DER MARINA\",\"item\":\"https:\\\/\\\/www.moys.it\\\/de\\\/home-3\\\/service-leistungen-der-marina\\\/\"},{\"@type\":\"ListItem\",\"position\":4,\"name\":\"BOOTSTANKSTELLE\"}]},{\"@type\":\"WebSite\",\"@id\":\"http:\\\/\\\/www.moys.it\\\/de\\\/#website\",\"url\":\"http:\\\/\\\/www.moys.it\\\/de\\\/\",\"name\":\"Moys - Marina di Olbia Yachting Service\",\"description\":\"Un porto gioiello - A beautiful port\",\"potentialAction\":[{\"@type\":\"SearchAction\",\"target\":{\"@type\":\"EntryPoint\",\"urlTemplate\":\"http:\\\/\\\/www.moys.it\\\/de\\\/?s={search_term_string}\"},\"query-input\":{\"@type\":\"PropertyValueSpecification\",\"valueRequired\":true,\"valueName\":\"search_term_string\"}}],\"inLanguage\":\"de\"}]}<\/script>\n<!-- \/ Yoast SEO plugin. -->","yoast_head_json":{"title":"BOOTSTANKSTELLE - Moys - Marina di Olbia Yachting Service","robots":{"index":"index","follow":"follow","max-snippet":"max-snippet:-1","max-image-preview":"max-image-preview:large","max-video-preview":"max-video-preview:-1"},"canonical":"http:\/\/www.moys.it\/de\/home-3\/service-leistungen-der-marina\/bootstankstelle\/","og_locale":"de_DE","og_type":"article","og_title":"BOOTSTANKSTELLE - Moys - Marina di Olbia Yachting Service","og_description":"Direkt an der Hafenzufahrt sehen Sie an Steuerbord den 200 m langen Kai mit der Bootstankstelle, an dem 7 Boote gleichzeitig bedient werden k\u00f6nnen. Der gro\u00dfe Kai der Tankstelle kann Yachten bis 150 Meter L\u00e4nge beherbergen, die den Treibstoff auch direkt und absolut sicher aus einem Tankwagen erhalten k\u00f6nnen. Bei Fragen zur Betankung und Infos [&hellip;]","og_url":"http:\/\/www.moys.it\/de\/home-3\/service-leistungen-der-marina\/bootstankstelle\/","og_site_name":"Moys - Marina di Olbia Yachting Service","article_modified_time":"2019-05-27T10:37:16+00:00","twitter_card":"summary_large_image","twitter_misc":{"Gesch\u00e4tzte Lesezeit":"2\u00a0Minuten"},"schema":{"@context":"https:\/\/schema.org","@graph":[{"@type":"WebPage","@id":"http:\/\/www.moys.it\/de\/home-3\/service-leistungen-der-marina\/bootstankstelle\/","url":"http:\/\/www.moys.it\/de\/home-3\/service-leistungen-der-marina\/bootstankstelle\/","name":"BOOTSTANKSTELLE - Moys - Marina di Olbia Yachting Service","isPartOf":{"@id":"http:\/\/www.moys.it\/de\/#website"},"datePublished":"2016-09-05T09:56:40+00:00","dateModified":"2019-05-27T10:37:16+00:00","breadcrumb":{"@id":"http:\/\/www.moys.it\/de\/home-3\/service-leistungen-der-marina\/bootstankstelle\/#breadcrumb"},"inLanguage":"de","potentialAction":[{"@type":"ReadAction","target":["http:\/\/www.moys.it\/de\/home-3\/service-leistungen-der-marina\/bootstankstelle\/"]}]},{"@type":"BreadcrumbList","@id":"http:\/\/www.moys.it\/de\/home-3\/service-leistungen-der-marina\/bootstankstelle\/#breadcrumb","itemListElement":[{"@type":"ListItem","position":1,"name":"Home","item":"https:\/\/www.moys.it\/de\/"},{"@type":"ListItem","position":2,"name":"Home","item":"https:\/\/www.moys.it\/de\/home-3\/"},{"@type":"ListItem","position":3,"name":"SERVICE-LEISTUNGEN DER MARINA","item":"https:\/\/www.moys.it\/de\/home-3\/service-leistungen-der-marina\/"},{"@type":"ListItem","position":4,"name":"BOOTSTANKSTELLE"}]},{"@type":"WebSite","@id":"http:\/\/www.moys.it\/de\/#website","url":"http:\/\/www.moys.it\/de\/","name":"Moys - Marina di Olbia Yachting Service","description":"Un porto gioiello - A beautiful port","potentialAction":[{"@type":"SearchAction","target":{"@type":"EntryPoint","urlTemplate":"http:\/\/www.moys.it\/de\/?s={search_term_string}"},"query-input":{"@type":"PropertyValueSpecification","valueRequired":true,"valueName":"search_term_string"}}],"inLanguage":"de"}]}},"_links":{"self":[{"href":"http:\/\/www.moys.it\/de\/wp-json\/wp\/v2\/pages\/956","targetHints":{"allow":["GET"]}}],"collection":[{"href":"http:\/\/www.moys.it\/de\/wp-json\/wp\/v2\/pages"}],"about":[{"href":"http:\/\/www.moys.it\/de\/wp-json\/wp\/v2\/types\/page"}],"author":[{"embeddable":true,"href":"http:\/\/www.moys.it\/de\/wp-json\/wp\/v2\/users\/1"}],"replies":[{"embeddable":true,"href":"http:\/\/www.moys.it\/de\/wp-json\/wp\/v2\/comments?post=956"}],"version-history":[{"count":5,"href":"http:\/\/www.moys.it\/de\/wp-json\/wp\/v2\/pages\/956\/revisions"}],"predecessor-version":[{"id":3333,"href":"http:\/\/www.moys.it\/de\/wp-json\/wp\/v2\/pages\/956\/revisions\/3333"}],"up":[{"embeddable":true,"href":"http:\/\/www.moys.it\/de\/wp-json\/wp\/v2\/pages\/966"}],"wp:attachment":[{"href":"http:\/\/www.moys.it\/de\/wp-json\/wp\/v2\/media?parent=956"}],"curies":[{"name":"wp","href":"https:\/\/api.w.org\/{rel}","templated":true}]}}